{"id":24,"date":"2017-09-14T12:00:04","date_gmt":"2017-09-14T12:00:04","guid":{"rendered":"http:\/\/opio.waw.pl\/wp\/?page_id=24"},"modified":"2025-11-18T04:51:23","modified_gmt":"2025-11-18T04:51:23","slug":"ksieza-naszej-parafii","status":"publish","type":"page","link":"http:\/\/opio.waw.pl\/wp\/ksieza-naszej-parafii\/","title":{"rendered":"KSI\u0118\u017bA NASZEJ PARAFII"},"content":{"rendered":"<p><span class=\"aktualnosci\"><span class=\"data\"><img loading=\"lazy\" decoding=\"async\" class=\" wp-image-27 alignleft\" src=\"http:\/\/opio.waw.pl\/wp\/wp-content\/uploads\/2017\/09\/xAndrzejKuflikowski.jpg\" alt=\"\" width=\"126\" height=\"169\" \/><strong><span style=\"color: #000080;\"><span style=\"font-size: 14pt;\">Ks. Pra\u0142at Andrzej Kuflikowski, Proboszcz<\/span><\/span><\/strong><\/span><\/span><\/p>\n<p><span style=\"font-size: 12pt;\">Ur. 22.X.1965 roku w Nowych Czaplach (diec. zielonog\u00f3rsko-gorzowskiej),<\/span><br \/>\n<span style=\"font-size: 12pt;\">wy\u015bwi\u0119cony 24.V.1990 roku przez kard. J. Glempa,<\/span><br \/>\n<span style=\"font-size: 12pt;\">wikariusz: Kuflew, D\u0119be Wielkie, MB Nieustaj\u0105cej Pomocy w Warszawie<\/span><br \/>\n<span style=\"font-size: 12pt;\">24 grudnia 2009 odznaczony przywilejem rokiety i mantoletu<\/span><br \/>\n<span style=\"font-size: 12pt;\">25 marca 2012 mianowany Kanonikiem Honorowym Kapitu\u0142y Konkatedralnej<\/span><br \/>\n<span style=\"font-size: 12pt;\">od 24 grudnia 2012 Dziekan dekanatu grochowskiego, 30 wrze\u015bnia 2017 przyj\u0119ty do grona rycerzy Zakonu \u015awi\u0119tego Grobu Bo\u017cego w Jerozolimie, 24 grudnia mianowany Kanonikiem Gremialnym Kapitu\u0142y Konkatedralnej,<br \/>\nod 24 grudnia 2017 Dziekan dekanatu grochowskiego na drug\u0105 kadencj\u0119. Diecezjalny opiekun Grup Modlitwy \u015bw. Ojca Pio.<br \/>\nOd 24 grudnia 2022 Dziekan dekanatu grochowskiego na trzeci\u0105 kadencj\u0119 . Od 20 wrze\u015bnia 2023 Duszpasterz samorz\u0105dowc\u00f3w diecezji warszawsko-praskiej.<\/span><br \/>\n<strong><span style=\"color: #000080;\"><span style=\"font-size: 8pt;\"><br \/>\n<\/span>e-mail: andrzej.kuflikowski@gmail.com<br \/>\n<\/span><\/strong><\/p>\n<p><span style=\"color: #000080;\"><strong>\u00a0<\/strong><\/span><\/p>\n<p>&nbsp;<\/p>\n<p><strong><span style=\"font-size: 14pt;\"><span style=\"color: #000080;\">Ks. Wikariusz Leszek Micha\u0142 Duda<\/span><\/span><\/strong><\/p>\n<p>Przyby\u0142 do parafii w sierpniu 2024.<\/p>\n<p><strong>email:\u00a0 xleszek.goclawopio@gmail.com<\/strong><\/p>\n<p>&nbsp;<\/p>\n<p><strong><span style=\"font-size: 14pt;\">Ks. Wikariusz Piotr Wyszy\u0144ski<br \/>\n<\/span><\/strong>Przyby\u0142 do parafii w sierpniu 2025.<\/p>\n<p><strong>email: opio.pioterx1@gmail.com<\/strong><\/p>\n<p>&nbsp;<\/p>\n<p style=\"text-align: left;\"><span class=\"aktualnosci\"><span class=\"data\"><span style=\"color: #000080;\"><strong><span style=\"font-size: 14pt;\">Ks. Rezydent Dawid Sychowski<\/span><\/strong><\/span><\/span><\/span><span class=\"aktualnosci\"><span class=\"data\"><br \/>\nPrzyby\u0142 do parafii w sierpniu 2016.<br \/>\n<\/span><\/span><\/p>\n<p><strong>email: rzecznik@diecezja.waw.pl<\/strong><\/p>\n<p><span style=\"font-family: 'Open Sans'; font-size: 15px; font-style: normal; font-weight: 400;\">\u00a0<\/span><\/p>\n<p><span style=\"font-size: 14pt;\"><strong><span style=\"color: #000080;\">O. Rezydent Azariasz Hess OFM<\/span><\/strong><\/span><br \/>\nOd 1 stycznia 2024.<span style=\"color: #000080;\"><br \/>\n<strong>e-mail: oazariasz.goclaw@gmail.com<\/strong><\/span><span style=\"font-size: 14pt;\"><br \/>\n<\/span><\/p>\n<h3><\/h3>\n<p><span class=\"aktualnosci\">\u00a0<\/span><\/p>\n<p style=\"font-family: 'Open Sans'; font-style: normal;\"><strong><span style=\"color: #000080; font-size: 14pt;\">W przesz\u0142o\u015bci pos\u0142ugiwali:<\/span><\/strong><br \/>\n<span class=\"data\" style=\"font-size: 15px;\">Ks. Wikariusz \u0141ukasz Turek (2006-2009)<\/span><br clear=\"all\" \/><span class=\"aktualnosci\" style=\"font-family: 'Open Sans'; font-size: 15px; font-style: normal; font-weight: 400;\"><span class=\"data\" style=\"font-size: 15px;\">Ks. Wikariusz Waldemar Sierpi\u0144ski (2005-2010)<\/span><br clear=\"all\" \/><\/span><span class=\"aktualnosci\" style=\"font-family: 'Open Sans'; font-size: 15px; font-style: normal; font-weight: 400;\"><span class=\"data\" style=\"font-size: 15px;\">Ks. Wikariusz Jacek Ja\u015bkowski (2010-2011)<\/span><br clear=\"all\" \/><\/span><span class=\"aktualnosci\" style=\"font-family: 'Open Sans'; font-size: 15px; font-style: normal; font-weight: 400;\"><span class=\"data\" style=\"font-size: 15px;\">Ks. Wikariusz Mariusz Lech (2011-2015)<\/span><br clear=\"all\" \/><\/span><span class=\"aktualnosci\" style=\"font-family: 'Open Sans'; font-size: 15px; font-style: normal; font-weight: 400;\"><span class=\"data\" style=\"font-size: 15px;\">Ks. Rezydent Tomasz Wielebski (2005-2015)<\/span><br clear=\"all\" \/><\/span><span class=\"aktualnosci\" style=\"font-family: 'Open Sans'; font-size: 15px; font-style: normal; font-weight: 400;\"><span class=\"data\" style=\"font-size: 15px;\">Ks. Wikariusz \u0141ukasz Sikorski (2015-2016)<\/span><br clear=\"all\" \/><\/span><span class=\"aktualnosci\" style=\"font-family: 'Open Sans'; font-size: 15px; font-style: normal; font-weight: 400;\"><span class=\"data\" style=\"font-size: 15px;\">Ks. Wikariusz Maciej Mi\u0119tek\u00a0 ( 2009-2016)<br \/>\n<span style=\"font-family: 'Open Sans'; font-size: 15px; font-style: normal; font-weight: 400;\">Ks. Wikariusz Dariusz Walicki (2015-2019)<br \/>\n<\/span><span style=\"font-family: 'Open Sans'; font-size: 15px; font-style: normal; font-weight: 400;\">Ks. Marek G\u0105siorek (2020-2022)<br \/>\n<\/span><span style=\"font-family: 'Open Sans'; font-size: 15px; font-style: normal; font-weight: 400;\">Ks. Dariusz Stefanowicz (2016-2022)<br \/>\nKs. Wikariusz Pawe\u0142 Banach (2022-2024)<\/span><\/span><\/span><\/p>\n<p>Ks. Wikariusz Sylwester Bryska\u00a0 (2022-2025)<\/p>\n","protected":false},"excerpt":{"rendered":"<p>Ks. Pra\u0142at Andrzej Kuflikowski, Proboszcz Ur. 22.X.1965 roku w Nowych Czaplach (diec. zielonog\u00f3rsko-gorzowskiej), wy\u015bwi\u0119cony 24.V.1990 roku przez kard. J. Glempa, wikariusz: Kuflew, D\u0119be Wielkie, MB Nieustaj\u0105cej Pomocy w Warszawie 24 grudnia 2009 odznaczony przywilejem rokiety i mantoletu 25 marca 2012 mianowany Kanonikiem Honorowym Kapitu\u0142y Konkatedralnej od 24 grudnia 2012 Dziekan dekanatu grochowskiego, 30 wrze\u015bnia 2017 [&hellip;]<\/p>\n","protected":false},"author":1,"featured_media":0,"parent":0,"menu_order":0,"comment_status":"closed","ping_status":"closed","template":"","meta":{"footnotes":""},"class_list":["post-24","page","type-page","status-publish","hentry"],"_links":{"self":[{"href":"http:\/\/opio.waw.pl\/wp\/wp-json\/wp\/v2\/pages\/24"}],"collection":[{"href":"http:\/\/opio.waw.pl\/wp\/wp-json\/wp\/v2\/pages"}],"about":[{"href":"http:\/\/opio.waw.pl\/wp\/wp-json\/wp\/v2\/types\/page"}],"author":[{"embeddable":true,"href":"http:\/\/opio.waw.pl\/wp\/wp-json\/wp\/v2\/users\/1"}],"replies":[{"embeddable":true,"href":"http:\/\/opio.waw.pl\/wp\/wp-json\/wp\/v2\/comments?post=24"}],"version-history":[{"count":26,"href":"http:\/\/opio.waw.pl\/wp\/wp-json\/wp\/v2\/pages\/24\/revisions"}],"predecessor-version":[{"id":8353,"href":"http:\/\/opio.waw.pl\/wp\/wp-json\/wp\/v2\/pages\/24\/revisions\/8353"}],"wp:attachment":[{"href":"http:\/\/opio.waw.pl\/wp\/wp-json\/wp\/v2\/media?parent=24"}],"curies":[{"name":"wp","href":"https:\/\/api.w.org\/{rel}","templated":true}]}}