{"id":3442,"date":"2019-04-10T09:12:59","date_gmt":"2019-04-10T09:12:59","guid":{"rendered":"http:\/\/opio.waw.pl\/wp\/?page_id=3442"},"modified":"2019-04-10T09:12:59","modified_gmt":"2019-04-10T09:12:59","slug":"3442-2","status":"publish","type":"page","link":"http:\/\/opio.waw.pl\/wp\/historia-sanktuarium-sw-ojca-pio-w-warszawie\/3442-2\/","title":{"rendered":""},"content":{"rendered":"<h1 style=\"text-align: center;\"><span style=\"font-weight: 400;\">DEKRET<br \/>\npotwierdzaj\u0105cy ustanowienie Diecezjalnego Sanktuarium<br \/>\n\u015awi\u0119tego Ojca Pio w Warszawie na Goc\u0142awiu<\/span><\/h1>\n<p><span style=\"font-weight: 400;\"><br \/>\nMaj\u0105c na uwadze chwa\u0142\u0119 Bo\u017c\u0105 i dobro duchowe wiernych oraz rozw\u00f3j kultu jednego z najznamienitszych \u015bwi\u0119tych naszych czas\u00f3w \u2013 Ojca Pio z Pietrelciny, spe\u0142niaj\u0105c pro\u015bb\u0119 ks. pra\u0142ata Andrzeja Kuflikowskiego, proboszcza parafii \u015bw. Ojca Pio w Warszawie na Goc\u0142awiu, duchowie\u0144stwa oraz wiernych, zwa\u017cywszy na wszystkie okoliczno\u015bci i potrzeby duszpasterskie, na mocy kanon\u00f3w 1230 \u2013 1232\u00a7 1 Kodeksu Prawa Kanonicznego, potwierdzam niniejszym dekretem ustanowienie w Warszawie na Goc\u0142awiu <\/span><span style=\"font-weight: 400;\">Diecezjalnego Sanktuarium \u015awi\u0119tego Ojca Pio<\/span><span style=\"font-weight: 400;\">, przy ko\u015bciele parafialnym o tym samym tytule, kt\u00f3rego kustoszem b\u0119dzie aktualnie urz\u0119duj\u0105cy proboszcz (KPK kan. 1232 \u00a7 2). <\/span><\/p>\n<p><span style=\"font-weight: 400;\">Od pocz\u0105tku istnienia parafii \u015bw. Ojca Pio duszpasterze i wierni szerzyli kult \u015awi\u0119tego z Pietrelciny; zasi\u0119g tego kultu przekroczy\u0142 granice parafii, a nawet diecezji. <\/span><\/p>\n<p><span style=\"font-weight: 400;\">Sanktuarium posiada nie tylko s\u0142yn\u0105c\u0105 \u0142askami figur\u0119 \u015awi\u0119tego albo tak\u017ce Jego relikwie, kt\u00f3rych autentyczno\u015b\u0107 zosta\u0142a potwierdzona. W \u015bwi\u0105tyni, wyr\u00f3\u017cniaj\u0105cej si\u0119 pi\u0119knem przestrzeni sakralnej, prowadzona jest o\u017cywiona dzia\u0142alno\u015b\u0107 duszpasterska, dzi\u0119ki kt\u00f3rej wierni maj\u0105 zapewnione obfitsze \u015brodki zbawienia (por. KPK kan. 1234 \u00a7 1).<\/span><\/p>\n<p><span style=\"font-weight: 400;\">Zatwierdzam jako uroczysto\u015b\u0107 odpustow\u0105 dla tego Sanktuarium dzie\u0144 liturgicznego wspomnienia \u015bw. Ojca Pio \u2013 23 wrze\u015bnia, kt\u00f3r\u0105 mo\u017cna b\u0119dzie obchodzi\u0107 w sam dzie\u0144 albo w niedziel\u0119 najbli\u017csz\u0105 tej daty. Jednocze\u015bnie, ka\u017cdego dnia pielgrzymi nawiedzaj\u0105cy Sanktuarium b\u0119d\u0105 mogli uzyska\u0107 odpust zupe\u0142ny pod zwyk\u0142ymi warunkami, je\u015bli podczas pobo\u017cnego nawiedzenia odm\u00f3wi\u0105 <\/span><i><span style=\"font-weight: 400;\">Ojcze nasz <\/span><\/i><span style=\"font-weight: 400;\">i <\/span><i><span style=\"font-weight: 400;\">Wierz\u0119 <\/span><\/i><span style=\"font-weight: 400;\">(WO 33 \u00a7 1, 4<\/span><span style=\"font-weight: 400;\">o<\/span><span style=\"font-weight: 400;\">).<\/span><\/p>\n<p><span style=\"font-weight: 400;\">Kustosza Sanktuarium zobowi\u0105zuj\u0119 do prowadzenia dok\u0142adnej kroniki, przechowywania pami\u0105tek zwi\u0105zanych z Sanktuarium i gromadzenia dokument\u00f3w.<\/span><\/p>\n<p><span style=\"font-weight: 400;\">Niech ustanowienie Diecezjalnego Sanktuarium \u015awi\u0119tego Ojca Pio przyczyni si\u0119 do dalszego rozwoju kultu tego \u015awi\u0119tego i wi\u0119kszej chwa\u0142y Bo\u017cej. Kustoszowi Sanktuarium i wszystkim, kt\u00f3rzy b\u0119d\u0105 si\u0119 w nim modli\u0107 udzielam pasterskiego b\u0142ogos\u0142awie\u0144stwa.<\/span><\/p>\n<p style=\"text-align: left; padding-left: 60px;\"><span style=\"font-weight: 400;\">Warszawa, dnia 23 wrze\u015bnia 2017 roku,<br \/>\n<\/span><span style=\"font-weight: 400;\">w uroczysto\u015b\u0107 \u015bw. Pio z Pietrelciny, prezbitera,<br \/>\n<\/span><span style=\"font-weight: 400;\">w roku srebrnego jubileuszu erygowania Diecezji Warszawsko-Praskiej<\/span><\/p>\n<p style=\"text-align: center;\">\n<p style=\"text-align: right;\"><span style=\"font-weight: 400;\">+ Abp Henryk F. Hoser SAC<br \/>\n<\/span><span style=\"font-weight: 400;\"> Biskup Warszawsko-Praski<\/span><\/p>\n","protected":false},"excerpt":{"rendered":"<p>DEKRET potwierdzaj\u0105cy ustanowienie Diecezjalnego Sanktuarium \u015awi\u0119tego Ojca Pio w Warszawie na Goc\u0142awiu Maj\u0105c na uwadze chwa\u0142\u0119 Bo\u017c\u0105 i dobro duchowe wiernych oraz rozw\u00f3j kultu jednego z najznamienitszych \u015bwi\u0119tych naszych czas\u00f3w \u2013 Ojca Pio z Pietrelciny, spe\u0142niaj\u0105c pro\u015bb\u0119 ks. pra\u0142ata Andrzeja Kuflikowskiego, proboszcza parafii \u015bw. Ojca Pio w Warszawie na Goc\u0142awiu, duchowie\u0144stwa oraz wiernych, zwa\u017cywszy na [&hellip;]<\/p>\n","protected":false},"author":1,"featured_media":0,"parent":1037,"menu_order":0,"comment_status":"closed","ping_status":"closed","template":"","meta":{"footnotes":""},"class_list":["post-3442","page","type-page","status-publish","hentry"],"_links":{"self":[{"href":"http:\/\/opio.waw.pl\/wp\/wp-json\/wp\/v2\/pages\/3442"}],"collection":[{"href":"http:\/\/opio.waw.pl\/wp\/wp-json\/wp\/v2\/pages"}],"about":[{"href":"http:\/\/opio.waw.pl\/wp\/wp-json\/wp\/v2\/types\/page"}],"author":[{"embeddable":true,"href":"http:\/\/opio.waw.pl\/wp\/wp-json\/wp\/v2\/users\/1"}],"replies":[{"embeddable":true,"href":"http:\/\/opio.waw.pl\/wp\/wp-json\/wp\/v2\/comments?post=3442"}],"version-history":[{"count":6,"href":"http:\/\/opio.waw.pl\/wp\/wp-json\/wp\/v2\/pages\/3442\/revisions"}],"predecessor-version":[{"id":3448,"href":"http:\/\/opio.waw.pl\/wp\/wp-json\/wp\/v2\/pages\/3442\/revisions\/3448"}],"up":[{"embeddable":true,"href":"http:\/\/opio.waw.pl\/wp\/wp-json\/wp\/v2\/pages\/1037"}],"wp:attachment":[{"href":"http:\/\/opio.waw.pl\/wp\/wp-json\/wp\/v2\/media?parent=3442"}],"curies":[{"name":"wp","href":"https:\/\/api.w.org\/{rel}","templated":true}]}}