{"id":3472,"date":"2019-05-02T11:51:17","date_gmt":"2019-05-02T11:51:17","guid":{"rendered":"http:\/\/opio.waw.pl\/wp\/?page_id=3472"},"modified":"2019-05-02T12:20:00","modified_gmt":"2019-05-02T12:20:00","slug":"znaczenie-sanktuarium","status":"publish","type":"page","link":"http:\/\/opio.waw.pl\/wp\/historia-sanktuarium-sw-ojca-pio-w-warszawie\/znaczenie-sanktuarium\/","title":{"rendered":"Znaczenie Sanktuarium"},"content":{"rendered":"<p align=\"justify\"><span style=\"font-family: Times New Roman, serif;\"><span style=\"font-size: medium;\"><span style=\"color: #000000;\"><span style=\"font-family: Calibri, serif;\">Sanktuaria chrze\u015bcija\u0144skie, tak licznie rozsiane po ca\u0142ym \u015bwiecie, s\u0105 wielkim skarbem naszej religii, poniewa\u017c s\u0105 miejscem wyj\u0105tkowej obecno\u015bci Boga oraz znakiem pielgrzymuj\u0105cego Ko\u015bcio\u0142a i jego \u015bwi\u0119to\u015bci. W \u017cyciu Ko\u015bcio\u0142a odgrywaj\u0105 bardzo wa\u017cn\u0105 rol\u0119. S\u0105 szczeg\u00f3lnym dobrem duchowym wiernych i wa\u017cnym czynnikiem integruj\u0105cym \u017cycie religijne na p\u0142aszczy\u017anie ponad parafialnej. Dlatego ich istnienie tak\u017ce na terenie diecezji warszawsko-praskiej jest \u0142ask\u0105, za kt\u00f3r\u0105 winni\u015bmy Bogu dzi\u0119kowa\u0107.<\/span><\/span><\/span><\/span><\/p>\n<p align=\"justify\"><span style=\"font-family: Times New Roman, serif;\"><span style=\"font-size: medium;\"><span style=\"color: #000000;\"><span style=\"font-family: Calibri, serif;\">Przyczyny powstania sanktuari\u00f3w s\u0105 r\u00f3\u017cne. Za fundamentaln\u0105 wolno chyba uzna\u0107 tajemnicze i suwerenne dzia\u0142anie samej Opatrzno\u015bci. B\u00f3g wybiera jakie\u015b miejsce, daj\u0105c w nim znak swojej interwencji. Tym znakiem jest \u015bwi\u0119ty przedmiot kultu. Najcz\u0119\u015bciej jest to obraz lub figura albo relikwie. Przedmiot ten staje si\u0119 narz\u0119dziem w r\u0119kach Pana Boga. Przez niego udziela On ludziom nadzwyczajnych \u0142ask. <\/span><\/span><\/span><\/span><\/p>\n<p align=\"justify\"><span style=\"font-family: Cambria, serif;\"><span style=\"font-size: small;\"><span style=\"color: #000000;\"><span style=\"font-family: Calibri, serif;\"><span style=\"font-size: medium;\">Zgodnie z definicj\u0105<\/span><\/span><\/span><span style=\"color: #000000;\"><span style=\"font-family: Calibri, serif;\"><span style=\"font-size: medium;\">,<\/span><\/span><\/span><span style=\"color: #000000;\"><span style=\"font-family: Calibri, serif;\"><span style=\"font-size: medium;\"> \u201e<\/span><\/span><\/span><span style=\"color: #000000;\"><span style=\"font-family: Calibri, serif;\"><span style=\"font-size: medium;\">p<\/span><\/span><\/span><span style=\"color: #000000;\"><span style=\"font-family: Calibri, serif;\"><span style=\"font-size: medium;\">rzez sanktuarium rozumie si\u0119 ko\u015bci\u00f3\u0142 lub\u00a0inne miejsce \u015bwi\u0119te, do\u00a0kt\u00f3rego \u2013 za aprobat\u0105 ordynariusza miejscowego \u2013 pielgrzymuj\u0105 liczni wierni, z powodu szczeg\u00f3lnej pobo\u017cno\u015bci\u201d<\/span><\/span><\/span><span style=\"color: #000000;\"><span style=\"font-family: Calibri, serif;\"><span style=\"font-size: medium;\"> (<\/span><\/span><\/span><span style=\"font-family: Calibri, serif;\"><span style=\"font-size: medium;\">Kodeks Prawa Kanonicznego, kan. 1230)<\/span><\/span><span style=\"color: #000000;\"><span style=\"font-family: Calibri, serif;\"><span style=\"font-size: medium;\">. <\/span><\/span><\/span><span style=\"color: #000000;\"><span style=\"font-family: Calibri, serif;\"><span style=\"font-size: medium;\">Ze wzgl\u0119du na rang\u0119, wyr\u00f3\u017cnia si\u0119 sanktuaria diecezjalne \u2013 powsta\u0142e za aprobat\u0105 miejscowego ordynariusza, narodowe \u2013 zatwierdzone przez Konferencj\u0119 Episkopatu oraz mi\u0119dzynarodowe \u2013 posiadaj\u0105ce aprobat\u0119 Stolicy Apostolskiej (por. <\/span><\/span><\/span><span style=\"font-family: Calibri, serif;\"><span style=\"font-size: medium;\">KPK kan. 1231 \u2013 1232 \u00a7 1<\/span><\/span><span style=\"color: #000000;\"><span style=\"font-family: Calibri, serif;\"><span style=\"font-size: medium;\">).<\/span><\/span><\/span><\/span><\/span><\/p>\n<p align=\"justify\"><span style=\"font-family: Times New Roman, serif;\"><span style=\"font-size: medium;\"><span style=\"color: #000000;\"><span style=\"font-family: Calibri, serif;\">Zatwierdzenie kanoniczne nast\u0119puje na mocy dekretu uznaj\u0105cego dane miejsce \u015bwi\u0119te i jego specyficzny charakter. <a href=\"http:\/\/opio.waw.pl\/wp\/historia-sanktuarium-sw-ojca-pio-w-warszawie\/3442-2\/\">Dekret potwierdzaj\u0105cy ustanowienie diecezjalnego Sanktuarium \u015awi\u0119tego Ojca Pio w Warszawie na Goc\u0142awiu<\/a> zosta\u0142 podpisany 23 wrze\u015bnia 2017 roku przez arcybiskupa Henryka Hosera, \u00f3wczesnego biskupa diecezji warszawsko-praskiej. <\/span><\/span><\/span><\/span><\/p>\n<p align=\"justify\"><span style=\"font-family: Cambria, serif;\"><span style=\"font-size: small;\"><span style=\"color: #000000;\"><span style=\"font-family: Calibri, serif;\"><span style=\"font-size: medium;\">Przedmiotem kultu w <\/span><\/span><\/span><span style=\"font-family: Calibri, serif;\"><span style=\"font-size: medium;\">Sanktuarium \u015awi\u0119tego Ojca Pio jest s\u0142yn\u0105ca \u0142askami figura \u015bw. Ojca Pio, jak i Jego relikwie, kt\u00f3rych <\/span><\/span><span style=\"color: #000000;\"><span style=\"font-family: Calibri, serif;\"><span style=\"font-size: medium;\">autentyczno\u015b\u0107 zosta\u0142a potwierdzona.<\/span><\/span><\/span><\/span><\/span><\/p>\n<p align=\"justify\"><span style=\"font-family: Cambria, serif;\"><span style=\"font-size: small;\"><span style=\"color: #000000;\"><span style=\"font-family: Calibri, serif;\"><span style=\"font-size: medium;\">Sanktuarium powinno si\u0119 wyr\u00f3\u017cnia\u0107 po\u015br\u00f3d zwyk\u0142ych o\u015brodk\u00f3w kultu o\u017cywion\u0105 dzia\u0142alno\u015bci\u0105 duszpastersk\u0105, zapewniaj\u0105c\u0105 wiernym nawiedzaj\u0105cym miejsce, obfitsze \u015brodki zbawienia (<\/span><\/span><\/span><span style=\"font-family: Calibri, serif;\"><span style=\"font-size: medium;\">KPK kan. 1234 \u00a7 1). <\/span><\/span><span style=\"color: #000000;\"><span style=\"font-family: Calibri, serif;\"><span style=\"font-size: medium;\">St\u0105d sanktuarium winno ja\u015bnie\u0107 bogactwem \u017cycia liturgicznego, wyra\u017caj\u0105cym si\u0119 przede wszystkim w celebrowaniu Mszy \u015awi\u0119tej, g\u0142oszeniu s\u0142owa Bo\u017cego, pos\u0142udze sakramentu pokuty, adoracji Naj\u015bwi\u0119tszego Sakramentu, a tak\u017ce w kultywowaniu zatwierdzonych form pobo\u017cno\u015bci ludowej, zwi\u0105zanych z odbieraj\u0105cym cze\u015b\u0107 przedmiotem kultu. Tak te\u017c jest w Sanktuarium \u015awi\u0119tego Ojca Pio. <\/span><\/span><\/span><\/span><\/span><\/p>\n<p align=\"justify\"><span style=\"color: #000000;\"><span style=\"font-family: Calibri, serif;\"><span style=\"font-size: medium;\"> Piecz\u0119 nad sanktuarium pe\u0142ni ustanowiony przez biskupa kustosz. W przypadku sanktuarium przynale\u017c\u0105cego do parafii, kustoszem jest proboszcz parafii, aktualnie pe\u0142ni\u0105cy sw\u00f3j urz\u0105d. Do jego obowi\u0105zk\u00f3w nale\u017cy nie tylko odpowiednie zabezpieczenie ko\u015bcio\u0142a, a\u00a0zw\u0142aszcza Naj\u015bwi\u0119tszego Sakramentu oraz przedmiot\u00f3w kultu, ale tak\u017ce gromadzenie danych historycznych dotycz\u0105cych miejsca, opracowanie jego dziej\u00f3w, ze szczeg\u00f3lnym zwr\u00f3ceniem uwagi na histori\u0119 kultu i\u00a0dokumentowanie \u0142ask w\u00a0nim otrzymanych.<\/span><\/span><\/span><\/p>\n","protected":false},"excerpt":{"rendered":"<p>Sanktuaria chrze\u015bcija\u0144skie, tak licznie rozsiane po ca\u0142ym \u015bwiecie, s\u0105 wielkim skarbem naszej religii, poniewa\u017c s\u0105 miejscem wyj\u0105tkowej obecno\u015bci Boga oraz znakiem pielgrzymuj\u0105cego Ko\u015bcio\u0142a i jego \u015bwi\u0119to\u015bci. W \u017cyciu Ko\u015bcio\u0142a odgrywaj\u0105 bardzo wa\u017cn\u0105 rol\u0119. S\u0105 szczeg\u00f3lnym dobrem duchowym wiernych i wa\u017cnym czynnikiem integruj\u0105cym \u017cycie religijne na p\u0142aszczy\u017anie ponad parafialnej. Dlatego ich istnienie tak\u017ce na terenie diecezji [&hellip;]<\/p>\n","protected":false},"author":1,"featured_media":0,"parent":1037,"menu_order":0,"comment_status":"closed","ping_status":"closed","template":"","meta":{"footnotes":""},"class_list":["post-3472","page","type-page","status-publish","hentry"],"_links":{"self":[{"href":"http:\/\/opio.waw.pl\/wp\/wp-json\/wp\/v2\/pages\/3472"}],"collection":[{"href":"http:\/\/opio.waw.pl\/wp\/wp-json\/wp\/v2\/pages"}],"about":[{"href":"http:\/\/opio.waw.pl\/wp\/wp-json\/wp\/v2\/types\/page"}],"author":[{"embeddable":true,"href":"http:\/\/opio.waw.pl\/wp\/wp-json\/wp\/v2\/users\/1"}],"replies":[{"embeddable":true,"href":"http:\/\/opio.waw.pl\/wp\/wp-json\/wp\/v2\/comments?post=3472"}],"version-history":[{"count":2,"href":"http:\/\/opio.waw.pl\/wp\/wp-json\/wp\/v2\/pages\/3472\/revisions"}],"predecessor-version":[{"id":3482,"href":"http:\/\/opio.waw.pl\/wp\/wp-json\/wp\/v2\/pages\/3472\/revisions\/3482"}],"up":[{"embeddable":true,"href":"http:\/\/opio.waw.pl\/wp\/wp-json\/wp\/v2\/pages\/1037"}],"wp:attachment":[{"href":"http:\/\/opio.waw.pl\/wp\/wp-json\/wp\/v2\/media?parent=3472"}],"curies":[{"name":"wp","href":"https:\/\/api.w.org\/{rel}","templated":true}]}}